{"id":160,"date":"2019-07-15T13:19:22","date_gmt":"2019-07-15T11:19:22","guid":{"rendered":"https:\/\/tango.argentino.pl\/festival\/?page_id=160"},"modified":"2019-09-25T00:58:40","modified_gmt":"2019-09-24T22:58:40","slug":"front-page","status":"publish","type":"page","link":"https:\/\/tango.argentino.pl\/festival\/en\/front-page\/","title":{"rendered":"Front page"},"content":{"rendered":"<h3 style=\"text-align: center;\">Welcome on official webpage of the I International Tango Festival in \u015awinouj\u015bcie!<br \/>Join Us!<\/h3>\n<p>We cordially invite all tango lovers to a unique event. For the first time thanks to 3 friends and tango enthusiasts &#8211; \u015awinouj\u015bcie will turn into the Polish capital of Argentine Tango for one weekend.<br \/>Academy of Tango Adrian and Dorota Grygier together with the Municipality of \u015awinouj\u015bcie and the Municipal House of Culture. We offer beginner tangado lessons, workshops at the highest level for addicts;), a beautiful tango concert, boat trip, flashmobs in great locations and of course elegant Milongas (afternoon and evening) with shows of champions and live music!<br \/>All weekend music straight from Buenos Aires will reign over the Baltic \ud83d\ude42<\/p>\n<p>Thanks to the financial support of the \u015awinouj\u015bcie Commune, most of the proposals are completely free \ud83d\ude42<br \/>It&#8217;s the perfect way to end the summer hot!<\/p>\n\n\n<hr class=\"wp-block-separator is-style-wide\"\/>\n\n\n\n<p style=\"text-align:center\" class=\"has-large-font-size\">Honorary Patronage<\/p>\n\n\n\n<div class=\"wp-block-image\"><figure class=\"alignleft is-resized\"><a href=\"https:\/\/tango.argentino.pl\/festival\/wp-content\/uploads\/2019\/07\/Honorowy-Patronat-Prezydenta.png\"><img loading=\"lazy\" src=\"https:\/\/tango.argentino.pl\/festival\/wp-content\/uploads\/2019\/07\/Honorowy-Patronat-Prezydenta-150x150.png\" alt=\"\" class=\"wp-image-310\" width=\"165\" height=\"165\" srcset=\"https:\/\/tango.argentino.pl\/festival\/wp-content\/uploads\/2019\/07\/Honorowy-Patronat-Prezydenta-150x150.png 150w, https:\/\/tango.argentino.pl\/festival\/wp-content\/uploads\/2019\/07\/Honorowy-Patronat-Prezydenta-100x100.png 100w\" sizes=\"(max-width: 165px) 100vw, 165px\" \/><\/a><\/figure><\/div>\n\n\n\n<p style=\"text-align:center\" class=\"has-medium-font-size\">We are pleased to announce that the 1st International Tango Festival in \u015awinouj\u015bcie has been granted the Honorary Patronage of the President of \u015awinouj\u015bcie &#8211; Janusz \u017bmurkiewicz.<br>Thank you very much!<\/p>\n","protected":false},"excerpt":{"rendered":"<p>Welcome on official webpage of the I International Tango Festival in \u015awinouj\u015bcie!Join Us! We cordially invite all tango lovers to a unique event. For the first time thanks to 3 friends and tango enthusiasts &#8211; \u015awinouj\u015bcie will turn into the Polish capital of Argentine Tango for one weekend.Academy of Tango Adrian and Dorota Grygier together &hellip; <\/p>\n<p class=\"link-more\"><a href=\"https:\/\/tango.argentino.pl\/festival\/en\/front-page\/\" class=\"more-link\">Czytaj dalej<span class=\"screen-reader-text\"> \u201eFront page\u201d<\/span><\/a><\/p>\n","protected":false},"author":1,"featured_media":0,"parent":0,"menu_order":0,"comment_status":"closed","ping_status":"closed","template":"","meta":[],"_links":{"self":[{"href":"https:\/\/tango.argentino.pl\/festival\/wp-json\/wp\/v2\/pages\/160"}],"collection":[{"href":"https:\/\/tango.argentino.pl\/festival\/wp-json\/wp\/v2\/pages"}],"about":[{"href":"https:\/\/tango.argentino.pl\/festival\/wp-json\/wp\/v2\/types\/page"}],"author":[{"embeddable":true,"href":"https:\/\/tango.argentino.pl\/festival\/wp-json\/wp\/v2\/users\/1"}],"replies":[{"embeddable":true,"href":"https:\/\/tango.argentino.pl\/festival\/wp-json\/wp\/v2\/comments?post=160"}],"version-history":[{"count":6,"href":"https:\/\/tango.argentino.pl\/festival\/wp-json\/wp\/v2\/pages\/160\/revisions"}],"predecessor-version":[{"id":658,"href":"https:\/\/tango.argentino.pl\/festival\/wp-json\/wp\/v2\/pages\/160\/revisions\/658"}],"wp:attachment":[{"href":"https:\/\/tango.argentino.pl\/festival\/wp-json\/wp\/v2\/media?parent=160"}],"curies":[{"name":"wp","href":"https:\/\/api.w.org\/{rel}","templated":true}]}}