{"id":17,"date":"2019-06-13T00:20:39","date_gmt":"2019-06-12T22:20:39","guid":{"rendered":"https:\/\/tango.argentino.pl\/festival\/?page_id=17"},"modified":"2019-09-25T00:57:38","modified_gmt":"2019-09-24T22:57:38","slug":"strona-glowna","status":"publish","type":"page","link":"https:\/\/tango.argentino.pl\/festival\/","title":{"rendered":"Strona g\u0142\u00f3wna"},"content":{"rendered":"<h3 style=\"text-align: center;\">Witamy na oficjalnej stronie I Mi\u0119dzynarodowego Festiwalu Tanga w \u015awinouj\u015bciu!<br \/>Serdecznie zapraszamy!<\/h3>\n<div><span style=\"font-family: Quicksand;\">Serdecznie zapraszamy wszystkich mi\u0142o\u015bnik\u00f3w tanga na wyj\u0105tkowe wydarzenie. Po raz pierwszy za spraw\u0105 3 przyjaci\u00f3\u0142 i pasjonat\u00f3w tanga \u00a0\u015awinouj\u015bcie \u00a0na jeden weekend zamieni si\u0119 w polsk\u0105 stolic\u0119 Tanga Argenty\u0144skiego.<\/span><\/div>\n<div><span style=\"font-family: Quicksand;\">Akademia Tanga Adriana i Doroty Grygier razem z Gmin\u0105 \u015awinouj\u015bcie i Miejskim Domem Kultury Proponujemy lekcje tangadla pocz\u0105tkuj\u0105cych, warsztaty na najwy\u017cszym poziomie dla juz uzaleznionych ;), pi\u0119kny koncert tangowy, rejs statkiem, flashmoby w super lokalizacjach i oczywi\u015bcie eleganckie Milongi (popo\u0142udniowe i wieczorne) z pokazami mistrz\u00f3w i muzyk\u0105 na \u017cywo!<\/span><\/div>\n<div><span style=\"font-family: Quicksand;\">Ca\u0142y weekend muzyka prosto z Buenos Aires b\u0119dzie kr\u00f3lowa\u0142a nad Ba\u0142tykiem:)\u00a0<\/span><\/div>\n<div>\u00a0<\/div>\n<div><span style=\"font-family: Quicksand;\">Dzi\u0119ki wsparciu finansowemu Gminy \u015awinouj\u015bcie wi\u0119kszo\u015b\u0107 propozycji jest zupe\u0142nie bezp\u0142atnych \ud83d\ude42\u00a0<\/span><\/div>\n<div><span style=\"font-family: Quicksand;\">To idealny spos\u00f3b na gor\u0105ce zako\u0144czenie lata!<\/span><\/div>\n\n\n<hr class=\"wp-block-separator is-style-wide\"\/>\n\n\n\n<p style=\"text-align:center\" class=\"has-large-font-size\">Honorowy Patronat<\/p>\n\n\n\n<div class=\"wp-block-image\"><figure class=\"alignleft is-resized\"><a href=\"https:\/\/tango.argentino.pl\/festival\/wp-content\/uploads\/2019\/07\/Honorowy-Patronat-Prezydenta.png\"><img loading=\"lazy\" src=\"https:\/\/tango.argentino.pl\/festival\/wp-content\/uploads\/2019\/07\/Honorowy-Patronat-Prezydenta-150x150.png\" alt=\"\" class=\"wp-image-310\" width=\"165\" height=\"165\" srcset=\"https:\/\/tango.argentino.pl\/festival\/wp-content\/uploads\/2019\/07\/Honorowy-Patronat-Prezydenta-150x150.png 150w, https:\/\/tango.argentino.pl\/festival\/wp-content\/uploads\/2019\/07\/Honorowy-Patronat-Prezydenta-100x100.png 100w\" sizes=\"(max-width: 165px) 100vw, 165px\" \/><\/a><\/figure><\/div>\n\n\n\n<p style=\"text-align:center\" class=\"has-medium-font-size\">Mi\u0142o nam poinformowa\u0107, \u017ce I Mi\u0119dzynarodowy Festiwal Tanga w \u015awinouj\u015bciu zosta\u0142 obj\u0119ty Honorowym Patronatem Prezydenta Miasta  \u015awinouj\u015bcie &#8211; Janusza \u017bmurkiewicza.<br>Serdecznie dzi\u0119kujemy!<\/p>\n","protected":false},"excerpt":{"rendered":"<p>Witamy na oficjalnej stronie I Mi\u0119dzynarodowego Festiwalu Tanga w \u015awinouj\u015bciu!Serdecznie zapraszamy! Serdecznie zapraszamy wszystkich mi\u0142o\u015bnik\u00f3w tanga na wyj\u0105tkowe wydarzenie. Po raz pierwszy za spraw\u0105 3 przyjaci\u00f3\u0142 i pasjonat\u00f3w tanga \u00a0\u015awinouj\u015bcie \u00a0na jeden weekend zamieni si\u0119 w polsk\u0105 stolic\u0119 Tanga Argenty\u0144skiego. Akademia Tanga Adriana i Doroty Grygier razem z Gmin\u0105 \u015awinouj\u015bcie i Miejskim Domem Kultury Proponujemy &hellip; <\/p>\n<p class=\"link-more\"><a href=\"https:\/\/tango.argentino.pl\/festival\/\" class=\"more-link\">Czytaj dalej<span class=\"screen-reader-text\"> \u201eStrona g\u0142\u00f3wna\u201d<\/span><\/a><\/p>\n","protected":false},"author":1,"featured_media":0,"parent":0,"menu_order":0,"comment_status":"closed","ping_status":"closed","template":"","meta":[],"_links":{"self":[{"href":"https:\/\/tango.argentino.pl\/festival\/wp-json\/wp\/v2\/pages\/17"}],"collection":[{"href":"https:\/\/tango.argentino.pl\/festival\/wp-json\/wp\/v2\/pages"}],"about":[{"href":"https:\/\/tango.argentino.pl\/festival\/wp-json\/wp\/v2\/types\/page"}],"author":[{"embeddable":true,"href":"https:\/\/tango.argentino.pl\/festival\/wp-json\/wp\/v2\/users\/1"}],"replies":[{"embeddable":true,"href":"https:\/\/tango.argentino.pl\/festival\/wp-json\/wp\/v2\/comments?post=17"}],"version-history":[{"count":10,"href":"https:\/\/tango.argentino.pl\/festival\/wp-json\/wp\/v2\/pages\/17\/revisions"}],"predecessor-version":[{"id":657,"href":"https:\/\/tango.argentino.pl\/festival\/wp-json\/wp\/v2\/pages\/17\/revisions\/657"}],"wp:attachment":[{"href":"https:\/\/tango.argentino.pl\/festival\/wp-json\/wp\/v2\/media?parent=17"}],"curies":[{"name":"wp","href":"https:\/\/api.w.org\/{rel}","templated":true}]}}