{"id":18,"date":"2019-06-13T00:20:39","date_gmt":"2019-06-12T22:20:39","guid":{"rendered":"https:\/\/tango.argentino.pl\/festival\/?page_id=18"},"modified":"2019-09-25T00:25:07","modified_gmt":"2019-09-24T22:25:07","slug":"o-nas","status":"publish","type":"page","link":"https:\/\/tango.argentino.pl\/festival\/o-nas\/","title":{"rendered":"Miejsca"},"content":{"rendered":"\n<div class=\"wp-container-4 wp-block-columns has-3-columns\">\n<div class=\"wp-container-1 wp-block-column\">\n<figure class=\"wp-block-image\"><img loading=\"lazy\" width=\"1023\" height=\"512\" src=\"https:\/\/tango.argentino.pl\/festival\/wp-content\/uploads\/2019\/07\/Interferie.jpg\" alt=\"\" class=\"wp-image-238\" srcset=\"https:\/\/tango.argentino.pl\/festival\/wp-content\/uploads\/2019\/07\/Interferie.jpg 1023w, https:\/\/tango.argentino.pl\/festival\/wp-content\/uploads\/2019\/07\/Interferie-300x150.jpg 300w, https:\/\/tango.argentino.pl\/festival\/wp-content\/uploads\/2019\/07\/Interferie-768x384.jpg 768w\" sizes=\"(max-width: 706px) 89vw, (max-width: 767px) 82vw, 740px\" \/><\/figure>\n\n\n\n<p style=\"text-align:left\" class=\"has-medium-font-size\">Interferie Medical SPA \u015awinouj\u015bcie<\/p>\n\n\n\n<p>W tym miejscu odbywaj\u0105 si\u0119 wszystkie milongi festiwalowe.<\/p>\n\n\n\n<p>Nowoczesny i stylowy hotel Interferie Medical SPA znajduje si\u0119 zaledwie 300 metr\u00f3w od szerokiej piaszczystej pla\u017cy. Swoim Go\u015bciom oferuje on bezp\u0142atne WiFi, bogate zaplecze rozrywkowe, spa oraz zainspirowany wygl\u0105dem beczek na piwo minibrowar Miedziowy44, w kt\u00f3rym serwowane s\u0105 przek\u0105ski i piwo rzemie\u015blnicze.<\/p>\n\n\n\n<p>Adres:<br>ul. Uzdrowiskowa 15<\/p>\n\n\n\n<iframe loading=\"lazy\" width=\"425\" height=\"350\" frameborder=\"0\" scrolling=\"no\" marginheight=\"0\" marginwidth=\"0\" src=\"https:\/\/www.openstreetmap.org\/export\/embed.html?bbox=14.261423349380495%2C53.916841858218234%2C14.26701843738556%2C53.919100783376095&amp;layer=mapnik&amp;marker=53.91797133607364%2C14.264220893383026\" style=\"border: 1px solid black\"><\/iframe><div><small><a href=\"https:\/\/www.openstreetmap.org\/?mlat=53.91797&amp;mlon=14.26422#map=18\/53.91797\/14.26422\" target=\"_blank\" rel=\"noopener noreferrer\">Wy\u015bwietl wi\u0119ksz\u0105 map\u0119<\/a><\/small><\/div>\n<\/div>\n\n\n\n<div class=\"wp-container-2 wp-block-column\">\n<figure class=\"wp-block-image\"><img loading=\"lazy\" width=\"880\" height=\"440\" src=\"https:\/\/tango.argentino.pl\/festival\/wp-content\/uploads\/2019\/07\/Muszla-koncertowa.jpg\" alt=\"\" class=\"wp-image-239\" srcset=\"https:\/\/tango.argentino.pl\/festival\/wp-content\/uploads\/2019\/07\/Muszla-koncertowa.jpg 880w, https:\/\/tango.argentino.pl\/festival\/wp-content\/uploads\/2019\/07\/Muszla-koncertowa-300x150.jpg 300w, https:\/\/tango.argentino.pl\/festival\/wp-content\/uploads\/2019\/07\/Muszla-koncertowa-768x384.jpg 768w\" sizes=\"(max-width: 706px) 89vw, (max-width: 767px) 82vw, 740px\" \/><\/figure>\n\n\n\n<p style=\"text-align:left\" class=\"has-medium-font-size\">Muszla koncertowa<\/p>\n\n\n\n<p>W tym miejscu odbywa si\u0119 koncert Carlos Roulet i Edgardo Otero Cuarteto.<\/p>\n\n\n\n<p>Muszla koncertowa znajduje si\u0119 w \u015bcis\u0142ym turystycznym centrum \u015awinouj\u015bcia, co sprawia, \u017ce jest idealnym miejscem do organizowania koncert\u00f3w, kabareton\u00f3w i innych wydarze\u0144 kulturalnych odbywaj\u0105cych si\u0119 tu w sezonie letnim.\u00a0\u00a0Scena powsta\u0142a w miejscu dawnego Konzertpavillon. Zosta\u0142a wybudowana w 1926 roku w miejscu drewnianej konstrukcji, kt\u00f3ra znajdowa\u0142a si\u0119 tam wcze\u015bniej.<\/p>\n\n\n\n<p>Adres:<br>Promenada<\/p>\n\n\n\n<iframe loading=\"lazy\" width=\"425\" height=\"350\" frameborder=\"0\" scrolling=\"no\" marginheight=\"0\" marginwidth=\"0\" src=\"https:\/\/www.openstreetmap.org\/export\/embed.html?bbox=14.253484010696413%2C53.919500426641854%2C14.255611002445223%2C53.92062983258095&amp;layer=mapnik&amp;marker=53.9200648500383%2C14.254547849999994\" style=\"border: 1px solid black\"><\/iframe><br><small><a href=\"https:\/\/www.openstreetmap.org\/?mlat=53.92006&amp;mlon=14.25455#map=19\/53.92006\/14.25455\">Wy\u015bwietl wi\u0119ksz\u0105 map\u0119<\/a><\/small>\n<\/div>\n\n\n\n<div class=\"wp-container-3 wp-block-column\">\n<figure class=\"wp-block-image\"><img loading=\"lazy\" width=\"800\" height=\"400\" src=\"https:\/\/tango.argentino.pl\/festival\/wp-content\/uploads\/2019\/07\/MDK-Swinoujscie.jpg\" alt=\"\" class=\"wp-image-240\" srcset=\"https:\/\/tango.argentino.pl\/festival\/wp-content\/uploads\/2019\/07\/MDK-Swinoujscie.jpg 800w, https:\/\/tango.argentino.pl\/festival\/wp-content\/uploads\/2019\/07\/MDK-Swinoujscie-300x150.jpg 300w, https:\/\/tango.argentino.pl\/festival\/wp-content\/uploads\/2019\/07\/MDK-Swinoujscie-768x384.jpg 768w\" sizes=\"(max-width: 706px) 89vw, (max-width: 767px) 82vw, 740px\" \/><\/figure>\n\n\n\n<p style=\"text-align:left\" class=\"has-medium-font-size\">Miejski Dom Kultury w \u015awinouj\u015bciu<\/p>\n\n\n\n<p>W tym miejscu odbywaj\u0105 si\u0119 wszystkie lekcje i warsztaty festiwalowe.<\/p>\n\n\n\n<p>Miejski Dom Kultury jest samorz\u0105dow\u0105 instytucj\u0105 kultury posiadaj\u0105c\u0105 osobowo\u015b\u0107 prawn\u0105. Istniejemy od 1954 roku. Realizuj\u0105c swoj\u0105 misj\u0119, Miejski Dom Kultury wspiera i tworzy warunki do rozwoju amatorskiego ruchu artystycznego, prowadzi r\u00f3\u017cnorodne formy wychowania estetycznego, upowszechnia i udost\u0119pnia r\u00f3\u017cnorodne dziedziny sztuki, zaspokaja i rozwija potrzeby kulturalne mieszka\u0144c\u00f3w miasta.<\/p>\n\n\n\n<p>Adres:<br>ul. Wojska Polskiego 1\/1<\/p>\n\n\n\n<iframe loading=\"lazy\" width=\"425\" height=\"350\" frameborder=\"0\" scrolling=\"no\" marginheight=\"0\" marginwidth=\"0\" src=\"https:\/\/www.openstreetmap.org\/export\/embed.html?bbox=14.238415360450745%2C53.911521053691494%2C14.242669343948366%2C53.9137802666966&amp;layer=mapnik&amp;marker=53.912649095602156%2C14.24053966999054\" style=\"border: 1px solid black\"><\/iframe><br><small><a href=\"https:\/\/www.openstreetmap.org\/?mlat=53.91265&amp;mlon=14.24054#map=18\/53.91265\/14.24054\">Wy\u015bwietl wi\u0119ksz\u0105 map\u0119<\/a><\/small>\n<\/div>\n<\/div>\n\n\n\n<hr class=\"wp-block-separator\"\/>\n\n\n\n<p><strong>\u015awinouj\u015bcie<\/strong> to wyspy zdrowia, nowoczesnych technologii i wielu kultur. Miasto, kt\u00f3re intryguje wyspiarskim po\u0142o\u017ceniem i charakterem, stanowi\u0105c wyzwanie do r\u00f3\u017cnorodnych kreacji w ka\u017cdej dziedzinie. Otwarto\u015bci\u0105 i go\u015bcinno\u015bci\u0105 przyci\u0105ga zar\u00f3wno turyst\u00f3w, jak i ludzi gotowych do podejmowania \u017cyciowych wyzwa\u0144. To miasto, kt\u00f3re warto zwiedza\u0107, w kt\u00f3rym warto odpoczywa\u0107, inwestowa\u0107 &#8211; po prostu warto \u017cy\u0107.<\/p>\n\n\n\n<p>Zapraszamy do fascynuj\u0105cej w\u0119dr\u00f3wki przez wielokulturowe przygraniczne miasto, po\u0142o\u017cone&nbsp;w najdalej wysuni\u0119tym na p\u00f3\u0142nocny zach\u00f3d zak\u0105tku Polski.&nbsp;&nbsp;\u201eTu zaczyna si\u0119 Polska\u201d \u2013 mawiaj\u0105 mieszka\u0144cy \u015awinouj\u015bcia i maj\u0105 racj\u0119. Na specyficzny, unikatowy w skali ca\u0142ego kraju charakter \u015awinouj\u015bcia wp\u0142ywa w pierwszej kolejno\u015bci jego po\u0142o\u017cenie na 44 wyspach, otoczonych od p\u00f3\u0142nocy wodami Morza Ba\u0142tyckiego, a od po\u0142udnia Zalewu Szczeci\u0144skiego. \u015awinouj\u015bcie jest r\u00f3\u017cnorodn\u0105, dynamiczn\u0105 i nowoczesn\u0105 przestrzeni\u0105, w kt\u00f3rym historia przeplata si\u0119 ze wsp\u00f3\u0142czesno\u015bci\u0105.&nbsp;<\/p>\n\n\n\n<p>Lokalizacja determinuje r\u00f3wnie\u017c kierunki rozwoju miasta. \u015awinouj\u015bcie jest zar\u00f3wno uznan\u0105 miejscowo\u015bci\u0105 wypoczynkow\u0105, centrum sport\u00f3w wodnych i turystyki aktywnej oraz nadmorskim uzdrowiskiem o unikalnych walorach przyrodniczych, klimatycznych i leczniczych. Promenada, przez wielu por\u00f3wnywana do hiszpa\u0144skich czy w\u0142oskich deptak\u00f3w nadmorskich, miejsce spotka\u0144&nbsp;i spacer\u00f3w, pi\u0119knieje z roku na rok. Czaruje po\u0142udniowym klimatem, architektur\u0105 obiekt\u00f3w hotelowych i apartamentowych, atrakcyjnymi fontannami oraz zieleni\u0105, kt\u00f3ra oddziela ci\u0105g spacerowy od \u015bcie\u017cki rowerowej i ulicy.&nbsp;<\/p>\n\n\n\n<p>Rewitalizacja Parku Zdrojowego le\u017c\u0105cego w s\u0105siedztwie dzielnicy nadmorskiej, w ramach kt\u00f3rej gruntownie przebudowano \u015bcie\u017cki, place i alejki parkowe wraz z obiektami ma\u0142ej architektury przywr\u00f3ci\u0142a parkowi funkcje rekreacyjne i spo\u0142eczne, tak by integrowa\u0142 r\u00f3\u017cne pokolenia. Liczne alejki, zapraszaj\u0105 w g\u0142\u0105b parku zar\u00f3wno spaceruj\u0105cych, jak i rowerzyst\u00f3w czy rolkarzy. Urz\u0105dzenia do \u0107wicze\u0144 zewn\u0119trznych si\u0142owni zach\u0119caj\u0105 do wsp\u00f3lnych \u0107wicze\u0144.&nbsp;<\/p>\n\n\n\n<p>\u015awinouj\u015bcie to r\u00f3wnie\u017c wa\u017cny o\u015brodek gospodarki morskiej, z rozwijaj\u0105cym si\u0119 portem handlowym i nowoczesnym terminalem promowym. Port jachtowy po\u0142o\u017cony blisko centrum, otoczony zieleni\u0105 Parku Zdrojowego jest najwi\u0119kszym tego typu obiektem na polskim wybrze\u017cu. Szczeg\u00f3ln\u0105 atmosfer\u0119, wyczuwaln\u0105 niemal w ka\u017cdym zak\u0105tku miasta, tworzy transgraniczny charakter tutejszego \u017cycia.&nbsp;<\/p>\n\n\n\n<p>Bogata oferta imprez kulturalnych i sportowych (m.in. Grechuta Festival, Miasto Kobiet, P\u0142ywaj\u0105cy Festiwal Piosenki Morskiej Wiatrak, Sail \u015awinouj\u015bcie, Maraton \u015awinouj\u015bcie \u2013 Wolgast, Morski Turniej Tenisowy) sprawia, \u017ce \u015awinouj\u015bcie jest miastem, w kt\u00f3rym nie mo\u017cna si\u0119 nudzi\u0107.<\/p>\n\n\n\n<p>Liczne zabytki architektury, nowoczesna infrastruktura, przestrze\u0144 przyjazna do \u017cycia i wypoczynku oraz bogactwo przyrodnicze 44 wysp regionu sk\u0142adaj\u0105 si\u0119 na urok i niepowtarzalno\u015b\u0107 Miasta.&nbsp;<br>Niech owe migawki u\u0142o\u017c\u0105 si\u0119 Pa\u0144stwu w jedyn\u0105 w swoim rodzaju opowie\u015b\u0107 o tym wyj\u0105tkowym miejscu Polski, Krainie 44 wysp.<\/p>\n\n\n\n<p style=\"text-align:center\"><a href=\"http:\/\/www.swinoujscie.pl\/\">www.swinoujscie.pl<\/a>&nbsp;&nbsp;&nbsp;&nbsp;&nbsp;&nbsp;&nbsp;&nbsp;&nbsp;&nbsp;&nbsp;&nbsp;&nbsp;&nbsp;&nbsp;&nbsp;&nbsp;&nbsp;&nbsp;&nbsp;&nbsp;&nbsp;&nbsp;&nbsp;&nbsp;&nbsp;&nbsp;&nbsp;&nbsp;&nbsp;&nbsp;&nbsp;&nbsp;&nbsp;&nbsp;&nbsp;&nbsp;&nbsp;&nbsp;&nbsp;&nbsp;&nbsp;&nbsp;&nbsp;&nbsp;&nbsp;&nbsp;&nbsp;&nbsp;&nbsp;&nbsp;&nbsp;&nbsp;&nbsp;&nbsp;&nbsp;&nbsp;&nbsp;&nbsp;&nbsp;&nbsp;&nbsp;&nbsp;&nbsp;&nbsp;&nbsp;&nbsp;&nbsp;<a href=\"http:\/\/www.swinouscie360.eu\/\">www.swinouscie360.eu<\/a><br><\/p>\n","protected":false},"excerpt":{"rendered":"<p>Interferie Medical SPA \u015awinouj\u015bcie W tym miejscu odbywaj\u0105 si\u0119 wszystkie milongi festiwalowe. Nowoczesny i stylowy hotel Interferie Medical SPA znajduje si\u0119 zaledwie 300 metr\u00f3w od szerokiej piaszczystej pla\u017cy. Swoim Go\u015bciom oferuje on bezp\u0142atne WiFi, bogate zaplecze rozrywkowe, spa oraz zainspirowany wygl\u0105dem beczek na piwo minibrowar Miedziowy44, w kt\u00f3rym serwowane s\u0105 przek\u0105ski i piwo rzemie\u015blnicze. Adres:ul. &hellip; <\/p>\n<p class=\"link-more\"><a href=\"https:\/\/tango.argentino.pl\/festival\/o-nas\/\" class=\"more-link\">Czytaj dalej<span class=\"screen-reader-text\"> \u201eMiejsca\u201d<\/span><\/a><\/p>\n","protected":false},"author":1,"featured_media":0,"parent":0,"menu_order":0,"comment_status":"closed","ping_status":"closed","template":"","meta":[],"_links":{"self":[{"href":"https:\/\/tango.argentino.pl\/festival\/wp-json\/wp\/v2\/pages\/18"}],"collection":[{"href":"https:\/\/tango.argentino.pl\/festival\/wp-json\/wp\/v2\/pages"}],"about":[{"href":"https:\/\/tango.argentino.pl\/festival\/wp-json\/wp\/v2\/types\/page"}],"author":[{"embeddable":true,"href":"https:\/\/tango.argentino.pl\/festival\/wp-json\/wp\/v2\/users\/1"}],"replies":[{"embeddable":true,"href":"https:\/\/tango.argentino.pl\/festival\/wp-json\/wp\/v2\/comments?post=18"}],"version-history":[{"count":19,"href":"https:\/\/tango.argentino.pl\/festival\/wp-json\/wp\/v2\/pages\/18\/revisions"}],"predecessor-version":[{"id":651,"href":"https:\/\/tango.argentino.pl\/festival\/wp-json\/wp\/v2\/pages\/18\/revisions\/651"}],"wp:attachment":[{"href":"https:\/\/tango.argentino.pl\/festival\/wp-json\/wp\/v2\/media?parent=18"}],"curies":[{"name":"wp","href":"https:\/\/api.w.org\/{rel}","templated":true}]}}