{"id":84,"date":"2019-07-08T14:28:59","date_gmt":"2019-07-08T12:28:59","guid":{"rendered":"https:\/\/tango.argentino.pl\/festival\/?page_id=84"},"modified":"2019-09-19T13:44:52","modified_gmt":"2019-09-19T11:44:52","slug":"rejestracja","status":"publish","type":"page","link":"https:\/\/tango.argentino.pl\/festival\/rejestracja\/","title":{"rendered":"Rejestracja"},"content":{"rendered":"\n<p style=\"text-align:center\" class=\"has-large-font-size\">Ruszy\u0142a rejestracja! Do\u0142\u0105cz do nas \ud83d\ude42<\/p>\n\n\n\n<div class=\"wp-container-3 wp-block-columns has-2-columns\">\n<div class=\"wp-container-1 wp-block-column\">\n\n\n\n<p><\/p>\n<\/div>\n\n\n\n<div class=\"wp-container-2 wp-block-column\">\n<\/div>\n<\/div>\n","protected":false},"excerpt":{"rendered":"<p>Ruszy\u0142a rejestracja! Do\u0142\u0105cz do nas \ud83d\ude42<\/p>\n","protected":false},"author":1,"featured_media":0,"parent":0,"menu_order":0,"comment_status":"closed","ping_status":"closed","template":"","meta":[],"_links":{"self":[{"href":"https:\/\/tango.argentino.pl\/festival\/wp-json\/wp\/v2\/pages\/84"}],"collection":[{"href":"https:\/\/tango.argentino.pl\/festival\/wp-json\/wp\/v2\/pages"}],"about":[{"href":"https:\/\/tango.argentino.pl\/festival\/wp-json\/wp\/v2\/types\/page"}],"author":[{"embeddable":true,"href":"https:\/\/tango.argentino.pl\/festival\/wp-json\/wp\/v2\/users\/1"}],"replies":[{"embeddable":true,"href":"https:\/\/tango.argentino.pl\/festival\/wp-json\/wp\/v2\/comments?post=84"}],"version-history":[{"count":9,"href":"https:\/\/tango.argentino.pl\/festival\/wp-json\/wp\/v2\/pages\/84\/revisions"}],"predecessor-version":[{"id":642,"href":"https:\/\/tango.argentino.pl\/festival\/wp-json\/wp\/v2\/pages\/84\/revisions\/642"}],"wp:attachment":[{"href":"https:\/\/tango.argentino.pl\/festival\/wp-json\/wp\/v2\/media?parent=84"}],"curies":[{"name":"wp","href":"https:\/\/api.w.org\/{rel}","templated":true}]}}